{"id":1586,"date":"2025-10-30T17:07:34","date_gmt":"2025-10-30T16:07:34","guid":{"rendered":"https:\/\/www.clkavocats.com\/?page_id=1586"},"modified":"2025-11-10T20:53:06","modified_gmt":"2025-11-10T19:53:06","slug":"sitemap","status":"publish","type":"page","link":"https:\/\/www.clkavocats.com\/en\/sitemap\/","title":{"rendered":"Sitemap"},"content":{"rendered":"<h2>Pages<\/h2><ul><li><a href='https:\/\/www.clkavocats.com\/en\/clka-academy\/'>CLKA Academy<\/a><\/li><li><a href='https:\/\/www.clkavocats.com\/en\/'>Business Lawyer<\/a><\/li><li><a href='https:\/\/www.clkavocats.com\/en\/practice-areas\/arbitration-alternative-dispute-resolution\/'>ARBITRATION &#038; ALTERNATIVE DISPUTE RESOLUTION<\/a><\/li><li><a href='https:\/\/www.clkavocats.com\/en\/practice-areas\/insurance\/'>INSURANCE<\/a><\/li><li><a href='https:\/\/www.clkavocats.com\/en\/practice-areas\/banking-finance\/'>BANKING &#038; FINANCE<\/a><\/li><li><a href='https:\/\/www.clkavocats.com\/en\/practice-areas\/consumer-goods-retail\/'>CONSUMER GOODS &#038; RETAIL<\/a><\/li><li><a href='https:\/\/www.clkavocats.com\/en\/practice-areas\/commercial-civil-litigation\/'>COMMERCIAL &#038; CIVIL LITIGATION<\/a><\/li><li><a href='https:\/\/www.clkavocats.com\/en\/practice-areas\/competition-litigation\/'>COMPETITION LITIGATION<\/a><\/li><li><a href='https:\/\/www.clkavocats.com\/en\/practice-areas\/business-litigation-lawyer\/'>BUSINESS LITIGATION<\/a><\/li><li><a href='https:\/\/www.clkavocats.com\/en\/practice-areas\/corporate-litigation\/'>CORPORATE LITIGATION<\/a><\/li><li><a href='https:\/\/www.clkavocats.com\/en\/practice-areas\/tax-litigation\/'>TAX LITIGATION<\/a><\/li><li><a href='https:\/\/www.clkavocats.com\/en\/practice-areas\/corporate-governance\/'>CORPORATE &#038; GOVERNANCE<\/a><\/li><li><a href='https:\/\/www.clkavocats.com\/en\/practice-areas\/customs-international-trade\/'>CUSTOMS &#038; INTERNATIONAL TRADE<\/a><\/li><li><a href='https:\/\/www.clkavocats.com\/en\/practice-areas\/competition-law\/'>COMPETITION AND ANTITRUST LAW<\/a><\/li><li><a href='https:\/\/www.clkavocats.com\/en\/practice-areas\/employment-law\/'>LABOR AND EMPLOYMENT LAW<\/a><\/li><li><a href='https:\/\/www.clkavocats.com\/en\/economic-public-law-lawyer\/'>Economic Public Law Lawyer<\/a><\/li><li><a href='https:\/\/www.clkavocats.com\/en\/employment-disputes-employability\/'>EMPLOYMENT LAW &#038; EMPLOYABILITY<\/a><\/li><li><a href='https:\/\/www.clkavocats.com\/en\/practice-areas\/energy\/'>ENERGY<\/a><\/li><li><a href='https:\/\/www.clkavocats.com\/en\/practice-areas\/energy-infrastructure\/'>ENERGY &#038; INFRASTRUCTURE<\/a><\/li><li><a href='https:\/\/www.clkavocats.com\/en\/practice-areas\/environment-esg\/'>ENVIRONMENT &#038; ESG<\/a><\/li><li><a href='https:\/\/www.clkavocats.com\/en\/practice-areas\/financial-institutions-fintech\/'>FINANCIAL INSTITUTIONS &#038; FINTECH<\/a><\/li><li><a href='https:\/\/www.clkavocats.com\/en\/practice-areas\/taxation\/'>TAXATION<\/a><\/li><li><a href='https:\/\/www.clkavocats.com\/en\/practice-areas\/government-public-entities\/'>GOVERNMENT &#038; PUBLIC ENTITIES<\/a><\/li><li><a href='https:\/\/www.clkavocats.com\/en\/practice-areas\/healthcare-life-sciences\/'>HEALTHCARE &#038; LIFE SCIENCES<\/a><\/li><li><a href='https:\/\/www.clkavocats.com\/en\/practice-areas\/ict-technology-lawyer\/'>ICT Technology Lawyer<\/a><\/li><li><a href='https:\/\/www.clkavocats.com\/en\/practice-areas\/real-estate\/'>REAL ESTATE<\/a><\/li><li><a href='https:\/\/www.clkavocats.com\/en\/practice-areas\/industry-manufacturing-transport\/'>INDUSTRY, MANUFACTURING &#038; TRANSPORT<\/a><\/li><li><a href='https:\/\/www.clkavocats.com\/en\/practice-areas\/infrastructure-major-projects\/'>INFRASTRUCTURE &#038; MAJOR PROJECTS<\/a><\/li><li><a href='https:\/\/www.clkavocats.com\/en\/practice-areas\/insolvency-asset-recovery\/'>INSOLVENCY &#038; ASSET RECOVERY<\/a><\/li><li><a href='https:\/\/www.clkavocats.com\/en\/practice-areas\/foreign-direct-investment-fdi\/'>FOREIGN DIRECT INVESTMENT (FDI)<\/a><\/li><li><a href='https:\/\/www.clkavocats.com\/en\/practice-areas\/public-procurement-public-private-partnerships-ppp\/'>PUBLIC PROCUREMENT &#038; PUBLIC-PRIVATE PARTNERSHIPS (PPP)<\/a><\/li><li><a href='https:\/\/www.clkavocats.com\/en\/practice-areas\/mergers-acquisitions\/'>MERGERS &#038; ACQUISITIONS<\/a><\/li><li><a href='https:\/\/www.clkavocats.com\/en\/practice-areas\/private-equity\/'>PRIVATE EQUITY<\/a><\/li><li><a href='https:\/\/www.clkavocats.com\/en\/practice-areas\/intellectual-property\/'>INTELLECTUAL PROPERTY<\/a><\/li><li><a href='https:\/\/www.clkavocats.com\/en\/practice-areas\/natural-resources-agriculture\/'>NATURAL RESOURCES &#038; AGRICULTURE<\/a><\/li><li><a href='https:\/\/www.clkavocats.com\/en\/practice-areas\/technology-media-telecommunications-tmt\/'>TECHNOLOGY, MEDIA &#038; TELECOMMUNICATIONS (TMT)<\/a><\/li><li><a href='https:\/\/www.clkavocats.com\/en\/practice-areas\/tourism-hospitality\/'>TOURISM &#038; HOSPITALITY<\/a><\/li><li><a href='https:\/\/www.clkavocats.com\/en\/clka\/'>CLKA<\/a><\/li><li><a href='https:\/\/www.clkavocats.com\/en\/clka-bar-access\/'>CLKA BAR ACCESS<\/a><\/li><li><a href='https:\/\/www.clkavocats.com\/en\/clka-foundation\/'>CLKA FOUNDATION<\/a><\/li><li><a href='https:\/\/www.clkavocats.com\/en\/clka-law-firm-open-training\/'>CLKA LAW FIRM OPEN TRAINING<\/a><\/li><li><a href='https:\/\/www.clkavocats.com\/en\/clka-next-generation\/'>CLKA Next Generation<\/a><\/li><li><a href='https:\/\/www.clkavocats.com\/en\/clka-pro-bono\/'>CLKA Pro Bono<\/a><\/li><li><a href='https:\/\/www.clkavocats.com\/en\/community-involvement\/'>Community Involvement<\/a><\/li><li><a href='https:\/\/www.clkavocats.com\/en\/contact\/'>Contact<\/a><\/li><li><a href='https:\/\/www.clkavocats.com\/en\/disclaimer\/'>Disclaimer<\/a><\/li><li><a href='https:\/\/www.clkavocats.com\/en\/africa-gate-to-growth-forum\/'>Africa Gate to Growth Forum<\/a><\/li><li><a href='https:\/\/www.clkavocats.com\/en\/hiring\/'>Hiring<\/a><\/li><li><a href='https:\/\/www.clkavocats.com\/en\/join-us\/'>Join Us &#8211; A Law Firm With a Human Dimension<\/a><\/li><li><a href='https:\/\/www.clkavocats.com\/en\/locations\/'>Locations<\/a><\/li><li><a href='https:\/\/www.clkavocats.com\/en\/locations\/north-america\/'>North America<\/a><\/li><li><a href='https:\/\/www.clkavocats.com\/en\/locations\/indian-ocean\/'>Indian Ocean<\/a><\/li><li><a href='https:\/\/www.clkavocats.com\/en\/locations\/ohada\/'>OHADA<\/a><\/li><li><a href='https:\/\/www.clkavocats.com\/en\/locations\/ohada\/benin\/'>BENIN<\/a><\/li><li><a href='https:\/\/www.clkavocats.com\/en\/locations\/ohada\/burkina-faso\/'>BURKINA FASO<\/a><\/li><li><a href='https:\/\/www.clkavocats.com\/en\/locations\/ohada\/cameroon\/'>CAMEROON<\/a><\/li><li><a href='https:\/\/www.clkavocats.com\/en\/locations\/ohada\/central-african-republic-car\/'>CENTRAL AFRICAN REPUBLIC (CAR)<\/a><\/li><li><a href='https:\/\/www.clkavocats.com\/en\/locations\/ohada\/chad\/'>CHAD<\/a><\/li><li><a href='https:\/\/www.clkavocats.com\/en\/locations\/ohada\/comoros\/'>COMOROS<\/a><\/li><li><a href='https:\/\/www.clkavocats.com\/en\/locations\/ohada\/cote-divoire\/'>C\u00d4TE D\u2019IVOIRE<\/a><\/li><li><a href='https:\/\/www.clkavocats.com\/en\/locations\/ohada\/democratic-republic-of-the-congo-drc\/'>DEMOCRATIC REPUBLIC OF THE CONGO (DRC)<\/a><\/li><li><a href='https:\/\/www.clkavocats.com\/en\/locations-africa-a-continent-open-to-the-world\/ohada-and-waemu\/equatorial-guinea\/'>EQUATORIAL GUINEA<\/a><\/li><li><a href='https:\/\/www.clkavocats.com\/en\/locations\/ohada\/gabon\/'>GABON<\/a><\/li><li><a href='https:\/\/www.clkavocats.com\/en\/locations-africa-a-continent-open-to-the-world\/ohada-and-waemu\/guinea-conakry\/'>GUINEA (CONAKRY)<\/a><\/li><li><a href='https:\/\/www.clkavocats.com\/en\/locations\/ohada\/guinea-bissau\/'>GUINEA-BISSAU<\/a><\/li><li><a href='https:\/\/www.clkavocats.com\/en\/locations\/ohada\/mali\/'>MALI<\/a><\/li><li><a href='https:\/\/www.clkavocats.com\/en\/locations\/ohada\/niger\/'>NIGER<\/a><\/li><li><a href='https:\/\/www.clkavocats.com\/en\/locations\/ohada\/republic-of-congo-congo-brazzaville\/'>REPUBLIC OF CONGO (CONGO-BRAZZAVILLE)<\/a><\/li><li><a href='https:\/\/www.clkavocats.com\/en\/locations\/ohada\/senegal\/'>SENEGAL<\/a><\/li><li><a href='https:\/\/www.clkavocats.com\/en\/locations-africa-a-continent-open-to-the-world\/ohada-and-waemu\/togo\/'>TOGO<\/a><\/li><li><a href='https:\/\/www.clkavocats.com\/en\/news\/'>News<\/a><\/li><li><a href='https:\/\/www.clkavocats.com\/en\/our-approach\/'>Our Approach<\/a><\/li><li><a href='https:\/\/www.clkavocats.com\/en\/our-values\/'>Our Values<\/a><\/li><li><a href='https:\/\/www.clkavocats.com\/en\/practice-areas\/'>Practice Areas<\/a><\/li><li><a href='https:\/\/www.clkavocats.com\/en\/privacy-policy\/'>Privacy Policy<\/a><\/li><li><a href='https:\/\/www.clkavocats.com\/en\/sitemap\/'>Sitemap<\/a><\/li><li><a href='https:\/\/www.clkavocats.com\/en\/team\/'>Team<\/a><\/li><li><a href='https:\/\/www.clkavocats.com\/en\/training\/'>Training<\/a><\/li><li><a href='https:\/\/www.clkavocats.com\/en\/young-engaged-legal-professional-incubator-yelpi\/'>YOUNG ENGAGED LEGAL PROFESSIONAL INCUBATOR (YELPI)<\/a><\/li><\/ul><h2>News & Insights<\/h2><ul><li><a href='https:\/\/www.clkavocats.com\/en\/actualites\/category\/clkas-news\/'><h3>Category: CLKA\u2019s news<\/h3><\/a><ul><li><a href='https:\/\/www.clkavocats.com\/en\/10th-international-ohada-genies-en-herbe-competition\/'>10th International OHADA \u201cG\u00e9nies en Herbe\u201d Competition<\/a><\/li><li><a href='https:\/\/www.clkavocats.com\/en\/vision-2050-clka-law-firm\/'>Vision 2050 \u2013 CLKA Law Firm<\/a><\/li><li><a href='https:\/\/www.clkavocats.com\/en\/18-years-of-clka-a-story-built-over-time\/'>18 Years of CLKA \u2013 A Story Built Over Time<\/a><\/li><li><a href='https:\/\/www.clkavocats.com\/en\/at-clka-your-satisfaction-remains-our-top-priority\/'>At CLKA, your satisfaction remains our top priority!<\/a><\/li><li><a href='https:\/\/www.clkavocats.com\/en\/news\/the-end-of-the-world-was-loudly-trumpeted\/'>The End of the World Was Loudly Trumpeted<\/a><\/li><\/ul><\/li><li><a href='https:\/\/www.clkavocats.com\/en\/actualites\/category\/experts-opinions\/'><h3>Category: Experts opinions<\/h3><\/a><ul><li><a href='https:\/\/www.clkavocats.com\/en\/lex4-2020-ranking-clka-ranked-1st-in-the-top-5-ohada-law-firms-in-ivory-coast-and-11th-in-all-of-africa-congratulations-to-all-our-teams\/'>LEX4 2020 Ranking \u2013 CLKA Ranked 1st in the Top 5 OHADA Law Firms in Ivory Coast and 11th in All of Africa. Congratulations to All Our Teams!<\/a><\/li><li><a href='https:\/\/www.clkavocats.com\/en\/une-cour-dappel-du-commerce-a-abidjan-bientot\/'>A Commercial Court of Appeal in Abidjan, Coming Soon?<\/a><\/li><li><a href='https:\/\/www.clkavocats.com\/en\/2012-2018-report-on-the-economic-promotion-service-of-cote-divoire-in-the-united-states-canada-and-mexico-speci\/'>2012\u20132018 Report on the Economic Promotion Service of C\u00f4te d\u2019Ivoire in the United States, Canada, and Mexico (SPECI)<\/a><\/li><li><a href='https:\/\/www.clkavocats.com\/en\/draft-laws-and-decrees-recently-adopted-by-the-council-of-ministers-on-14-12-2017\/'>Draft Laws and Decrees Recently Adopted by the Council of Ministers on 14\/12\/2017<\/a><\/li><li><a href='https:\/\/www.clkavocats.com\/en\/ordinance-no-2013-662-of-september-20-2013-on-competition\/'>Ordinance No. 2013-662 of September 20, 2013, on Competition<\/a><\/li><li><a href='https:\/\/www.clkavocats.com\/en\/new-body-of-judicial-officers-in-cote-divoire\/'>New Body of Judicial Officers in C\u00f4te d\u2019Ivoire<\/a><\/li><li><a href='https:\/\/www.clkavocats.com\/en\/the-state-of-cote-divoire-plans-to-establish-a-civil-status-code\/'>The State of C\u00f4te d\u2019Ivoire Plans to Establish a Civil Status Code<\/a><\/li><li><a href='https:\/\/www.clkavocats.com\/en\/investing-in-cote-divoire-key-contractual-frameworks\/'>Investing in C\u00f4te d\u2019Ivoire: Key Contractual Frameworks<\/a><\/li><li><a href='https:\/\/www.clkavocats.com\/en\/structured-financing-of-e8-million-clka-advises-an-islamic-fund-in-a-murabaha-transaction\/'>Structured Financing of \u20ac8 Million \u2013 CLKA Advises an Islamic Fund in a Murabaha Transaction<\/a><\/li><li><a href='https:\/\/www.clkavocats.com\/en\/news\/the-judgement-n01-2014-of-the-30th-of-april-2014-of-the-court-of-justice-of-the-waemu-critique-of-a-surprising-decision\/'>The Judgement No. 01\/2014 of the 30th of April 2014 of the Court of Justice of the WAEMU: Critique of a Surprising Decision<\/a><\/li><li><a href='https:\/\/www.clkavocats.com\/en\/structured-financing-in-the-context-of-an-8-4-billion-cfa-franc-syndicated-loan-with-societe-generale-ecobank-and-bni-clka-advised-and-assisted-the-borrower\/'>Structured Financing in the Context of an 8.4 Billion CFA Franc Syndicated Loan with Soci\u00e9t\u00e9 G\u00e9n\u00e9rale, Ecobank, and BNI \u2013 CLKA Advised and Assisted the Borrower<\/a><\/li><li><a href='https:\/\/www.clkavocats.com\/en\/10th-ohada-international-genies-en-herbe-competition-abidjan-october-1-6-2018\/'>10th OHADA International \u201cG\u00e9nies en Herbe\u201d Competition \u2013 Abidjan, October 1\u20136, 2018<\/a><\/li><li><a href='https:\/\/www.clkavocats.com\/en\/whims-and-mysteries-in-the-dismissal-of-corporate-officers-under-ohada-law\/'>Whims and Mysteries in the Dismissal of Corporate Officers under OHADA Law<\/a><\/li><li><a href='https:\/\/www.clkavocats.com\/en\/news\/the-discreet-appeal-of-the-investment-in-microfinance-institutions\/'>The Discreet Appeal of the Investment in Microfinance Institutions<\/a><\/li><li><a href='https:\/\/www.clkavocats.com\/en\/the-millennium-challenge-corporation-mcc-2019\/'>The Millennium Challenge Corporation (MCC) 2019<\/a><\/li><li><a href='https:\/\/www.clkavocats.com\/en\/legal-security-within-uemoa-for-investors-legal-security-within-uemoa-and-for-the-people\/'>Legal security within UEMOA  for investors, legal security within UEMOA, and for the people!<\/a><\/li><li><a href='https:\/\/www.clkavocats.com\/en\/news\/the-strategic-issues-of-the-hydrocarbon-sector\/'>The Strategic Issues of the Hydrocarbon Sector<\/a><\/li><li><a href='https:\/\/www.clkavocats.com\/en\/clka-legal-alert\/'>CLKA &#8211; Legal Alert<\/a><\/li><\/ul><\/li><li><a href='https:\/\/www.clkavocats.com\/en\/actualites\/category\/press-rankings\/'><h3>Category: Press &amp; Rankings<\/h3><\/a><ul><li><a href='https:\/\/www.clkavocats.com\/en\/clka-ranked-among-the-leading-law-firms-in-cote-divoire-by-the-legal-500-emea-2025-edition\/'>CLKA RANKED AMONG THE LEADING LAW FIRMS IN C\u00d4TE D\u2019IVOIRE BY THE LEGAL 500 EMEA \u2013 2025 EDITION<\/a><\/li><li><a href='https:\/\/www.clkavocats.com\/en\/clka-is-ranked-again-as-leading-law-firm-by-global-chambers-partners-2024-2025-edition\/'>CLKA IS RANKED AGAIN AS LEADING LAW FIRM BY  GLOBAL CHAMBERS &#038; PARTNERS 2024 &#038; 2025 EDITION<\/a><\/li><li><a href='https:\/\/www.clkavocats.com\/en\/clka-ranked-among-the-top-5-law-firms-of-the-year-in-cote-divoire-by-the-chambers-africa-awards-2024-2025\/'>CLKA RANKED AMONG THE TOP 5 LAW FIRMS OF THE YEAR IN C\u00d4TE D\u2019IVOIRE BY THE CHAMBERS AFRICA AWARDS 2024 &#038; 2025<\/a><\/li><li><a href='https:\/\/www.clkavocats.com\/en\/clka-is-ranked-as-a-top-tier-law-firm-by-the-legal-500-emea-2024-edition\/'>CLKA IS RANKED AS A TOP TIER LAW FIRM BY  THE LEGAL 500 EMEA 2024 EDITION<\/a><\/li><li><a href='https:\/\/www.clkavocats.com\/en\/clka-is-ranked-as-a-leading-law-firm-by-thechambers-and-partners-as-well-as-the-legal-500-2023-edition\/'>CLKA IS RANKED AS A LEADING LAW FIRM  BY THECHAMBERS AND PARTNERS AS WELL AS  THE LEGAL 500 2023 EDITION<\/a><\/li><li><a href='https:\/\/www.clkavocats.com\/en\/clka-is-ranked-as-a-leading-law-firm-by-the-chambers-and-partners-as-well-as-the-legal-500-2022-edition\/'>CLKA IS RANKED AS A LEADING LAW FIRM BY THE  CHAMBERS AND PARTNERS AS WELL AS  THE LEGAL 500 2022 EDITION<\/a><\/li><li><a href='https:\/\/www.clkavocats.com\/en\/news\/the-legal-500\/'>The Legal 500<\/a><\/li><li><a href='https:\/\/www.clkavocats.com\/en\/news\/decideurs-best-business-law-firm-ivory-coast\/'>Decision-Makers: Best Business Firms in Ivory Coast<\/a><\/li><li><a href='https:\/\/www.clkavocats.com\/en\/news\/chambers-and-partners\/'>Chambers and Partners<\/a><\/li><\/ul><\/li><\/ul><h2>FAQs<\/h2><ul><\/ul>\n","protected":false},"excerpt":{"rendered":"","protected":false},"author":9,"featured_media":0,"parent":0,"menu_order":143,"comment_status":"closed","ping_status":"closed","template":"","meta":{"_acf_changed":false,"inline_featured_image":false,"_genesis_hide_title":false,"_genesis_hide_breadcrumbs":false,"_genesis_hide_singular_image":false,"_genesis_hide_footer_widgets":false,"_genesis_custom_body_class":"","_genesis_custom_post_class":"","_genesis_layout":"","footnotes":""},"hc_faqs":[],"pa_category":[],"class_list":{"0":"post-1586","1":"page","2":"type-page","3":"status-publish","5":"entry"},"acf":[],"_links":{"self":[{"href":"https:\/\/www.clkavocats.com\/en\/wp-json\/wp\/v2\/pages\/1586","targetHints":{"allow":["GET"]}}],"collection":[{"href":"https:\/\/www.clkavocats.com\/en\/wp-json\/wp\/v2\/pages"}],"about":[{"href":"https:\/\/www.clkavocats.com\/en\/wp-json\/wp\/v2\/types\/page"}],"author":[{"embeddable":true,"href":"https:\/\/www.clkavocats.com\/en\/wp-json\/wp\/v2\/users\/9"}],"replies":[{"embeddable":true,"href":"https:\/\/www.clkavocats.com\/en\/wp-json\/wp\/v2\/comments?post=1586"}],"version-history":[{"count":0,"href":"https:\/\/www.clkavocats.com\/en\/wp-json\/wp\/v2\/pages\/1586\/revisions"}],"wp:attachment":[{"href":"https:\/\/www.clkavocats.com\/en\/wp-json\/wp\/v2\/media?parent=1586"}],"wp:term":[{"taxonomy":"hc_faqs","embeddable":true,"href":"https:\/\/www.clkavocats.com\/en\/wp-json\/wp\/v2\/hc_faqs?post=1586"},{"taxonomy":"pa_category","embeddable":true,"href":"https:\/\/www.clkavocats.com\/en\/wp-json\/wp\/v2\/pa_category?post=1586"}],"curies":[{"name":"wp","href":"https:\/\/api.w.org\/{rel}","templated":true}]}}